{"id":2136,"date":"2025-04-08T12:16:38","date_gmt":"2025-04-08T09:16:38","guid":{"rendered":"https:\/\/ilonka.fi\/en\/?page_id=2136"},"modified":"2026-01-10T17:08:38","modified_gmt":"2026-01-10T15:08:38","slug":"winter","status":"publish","type":"page","link":"https:\/\/ilonka.fi\/en\/winter\/","title":{"rendered":"Winter &amp; Spring"},"content":{"rendered":"\n<p>Welcome to Ilonka&#8217;s winter and spring experiences! We hope you find what you are looking for be it Northern Lights hunting, farm visits, kids&#8217; husky sledding, husky walks in the wilderness, husky safaris, sauna experiences, farm stays, Santa experiences or overnight adventures.<\/p>\n\n\n\n<p>We are here to connect with you, create magical moments and make unforgettable memories.<\/p>\n\n\n\n<p>If you can&#8217;t find something you are looking for or have any questions, please don&#8217;t hesitate to contact us: +358 45 123 9755.<\/p>\n\n\n\n<p>Mik\u00e4li et l\u00f6yd\u00e4 etsim\u00e4\u00e4si tai sinulla on kysytt\u00e4v\u00e4\u00e4, olethan yhteydess\u00e4 meihin: +358 45 123 9755.<\/p>\n\n\n<p><script type=\"text\/javascript\" src=\"https:\/\/widgets.bokun.io\/assets\/javascripts\/apps\/build\/BokunWidgetsLoader.js?bookingChannelUUID=21728c7f-f848-452b-811c-16be43a9383d\" async><\/script><\/p>\n<div class=\"bokunWidget\" data-src=\"https:\/\/widgets.bokun.io\/online-sales\/21728c7f-f848-452b-811c-16be43a9383d\/product-list\/88644\"><\/div>\n<p>    <noscript>Please enable javascript in your browser to book<\/noscript><\/p>","protected":false},"excerpt":{"rendered":"<p>Welcome to Ilonka&#8217;s winter and spring experiences! We hope you find what you are looking for be it Northern Lights hunting, farm visits, kids&#8217; husky sledding, husky walks in the [&hellip;]<\/p>\n","protected":false},"author":4,"featured_media":0,"parent":0,"menu_order":0,"comment_status":"closed","ping_status":"closed","template":"","meta":{"_sitemap_exclude":false,"_sitemap_priority":"","_sitemap_frequency":"","_EventAllDay":false,"_EventTimezone":"","_EventStartDate":"","_EventEndDate":"","_EventStartDateUTC":"","_EventEndDateUTC":"","_EventShowMap":false,"_EventShowMapLink":false,"_EventURL":"","_EventCost":"","_EventCostDescription":"","_EventCurrencySymbol":"","_EventCurrencyCode":"","_EventCurrencyPosition":"","_EventDateTimeSeparator":"","_EventTimeRangeSeparator":"","_EventOrganizerID":[],"_EventVenueID":[],"_OrganizerEmail":"","_OrganizerPhone":"","_OrganizerWebsite":"","_VenueAddress":"","_VenueCity":"","_VenueCountry":"","_VenueProvince":"","_VenueState":"","_VenueZip":"","_VenuePhone":"","_VenueURL":"","_VenueStateProvince":"","_VenueLat":"","_VenueLng":"","_VenueShowMap":false,"_VenueShowMapLink":false,"footnotes":""},"class_list":["post-2136","page","type-page","status-publish","hentry"],"_links":{"self":[{"href":"https:\/\/ilonka.fi\/en\/wp-json\/wp\/v2\/pages\/2136","targetHints":{"allow":["GET"]}}],"collection":[{"href":"https:\/\/ilonka.fi\/en\/wp-json\/wp\/v2\/pages"}],"about":[{"href":"https:\/\/ilonka.fi\/en\/wp-json\/wp\/v2\/types\/page"}],"author":[{"embeddable":true,"href":"https:\/\/ilonka.fi\/en\/wp-json\/wp\/v2\/users\/4"}],"replies":[{"embeddable":true,"href":"https:\/\/ilonka.fi\/en\/wp-json\/wp\/v2\/comments?post=2136"}],"version-history":[{"count":6,"href":"https:\/\/ilonka.fi\/en\/wp-json\/wp\/v2\/pages\/2136\/revisions"}],"predecessor-version":[{"id":2479,"href":"https:\/\/ilonka.fi\/en\/wp-json\/wp\/v2\/pages\/2136\/revisions\/2479"}],"wp:attachment":[{"href":"https:\/\/ilonka.fi\/en\/wp-json\/wp\/v2\/media?parent=2136"}],"curies":[{"name":"wp","href":"https:\/\/api.w.org\/{rel}","templated":true}]}}