{"id":2143,"date":"2025-04-13T09:11:01","date_gmt":"2025-04-13T06:11:01","guid":{"rendered":"https:\/\/ilonka.fi\/en\/?page_id=2143"},"modified":"2026-02-18T21:52:44","modified_gmt":"2026-02-18T19:52:44","slug":"summer","status":"publish","type":"page","link":"https:\/\/ilonka.fi\/en\/summer\/","title":{"rendered":"Summer &amp; Fall"},"content":{"rendered":"\n<p>Welcome to Ilonka&#8217;s summer and fall experiences! We are here to provide you with the best Lappish summer and fall experiences, be it farm visits (self-guided, guided or private), husky walks and hikes into the wilderness, foraging tours, berry picking, sauna experiences, private kota dinners, farm stays, or overnight adventures.<\/p>\n\n\n\n<p>If you can&#8217;t find a suitable slot or if you are wondering about something, please call us! We are always happy to suggest tailormade experiences and make your stay in Northern Lapland unforgettable.<\/p>\n\n\n\n<p><strong>Jos et l\u00f6yd\u00e4 sopivaa aikaa tai sinulla on kysytt\u00e4v\u00e4\u00e4, soitathan: +358 45 123 9755<\/strong> <\/p>\n\n\n<p><script type=\"text\/javascript\" src=\"https:\/\/widgets.bokun.io\/assets\/javascripts\/apps\/build\/BokunWidgetsLoader.js?bookingChannelUUID=21728c7f-f848-452b-811c-16be43a9383d\" async><\/script><\/p>\n<div class=\"bokunWidget\" data-src=\"https:\/\/widgets.bokun.io\/online-sales\/21728c7f-f848-452b-811c-16be43a9383d\/product-list\/88808\"><\/div>\n<p>    <noscript>Please enable javascript in your browser to book<\/noscript><\/p>","protected":false},"excerpt":{"rendered":"<p>Welcome to Ilonka&#8217;s summer and fall experiences! We are here to provide you with the best Lappish summer and fall experiences, be it farm visits (self-guided, guided or private), husky [&hellip;]<\/p>\n","protected":false},"author":4,"featured_media":0,"parent":0,"menu_order":0,"comment_status":"closed","ping_status":"closed","template":"","meta":{"_sitemap_exclude":false,"_sitemap_priority":"","_sitemap_frequency":"","_EventAllDay":false,"_EventTimezone":"","_EventStartDate":"","_EventEndDate":"","_EventStartDateUTC":"","_EventEndDateUTC":"","_EventShowMap":false,"_EventShowMapLink":false,"_EventURL":"","_EventCost":"","_EventCostDescription":"","_EventCurrencySymbol":"","_EventCurrencyCode":"","_EventCurrencyPosition":"","_EventDateTimeSeparator":"","_EventTimeRangeSeparator":"","_EventOrganizerID":[],"_EventVenueID":[],"_OrganizerEmail":"","_OrganizerPhone":"","_OrganizerWebsite":"","_VenueAddress":"","_VenueCity":"","_VenueCountry":"","_VenueProvince":"","_VenueState":"","_VenueZip":"","_VenuePhone":"","_VenueURL":"","_VenueStateProvince":"","_VenueLat":"","_VenueLng":"","_VenueShowMap":false,"_VenueShowMapLink":false,"footnotes":""},"class_list":["post-2143","page","type-page","status-publish","hentry"],"_links":{"self":[{"href":"https:\/\/ilonka.fi\/en\/wp-json\/wp\/v2\/pages\/2143","targetHints":{"allow":["GET"]}}],"collection":[{"href":"https:\/\/ilonka.fi\/en\/wp-json\/wp\/v2\/pages"}],"about":[{"href":"https:\/\/ilonka.fi\/en\/wp-json\/wp\/v2\/types\/page"}],"author":[{"embeddable":true,"href":"https:\/\/ilonka.fi\/en\/wp-json\/wp\/v2\/users\/4"}],"replies":[{"embeddable":true,"href":"https:\/\/ilonka.fi\/en\/wp-json\/wp\/v2\/comments?post=2143"}],"version-history":[{"count":6,"href":"https:\/\/ilonka.fi\/en\/wp-json\/wp\/v2\/pages\/2143\/revisions"}],"predecessor-version":[{"id":2481,"href":"https:\/\/ilonka.fi\/en\/wp-json\/wp\/v2\/pages\/2143\/revisions\/2481"}],"wp:attachment":[{"href":"https:\/\/ilonka.fi\/en\/wp-json\/wp\/v2\/media?parent=2143"}],"curies":[{"name":"wp","href":"https:\/\/api.w.org\/{rel}","templated":true}]}}