{"id":119,"date":"2024-01-27T20:41:47","date_gmt":"2024-01-27T18:41:47","guid":{"rendered":"https:\/\/ilonka.fi\/www\/?page_id=119"},"modified":"2026-03-11T16:34:44","modified_gmt":"2026-03-11T14:34:44","slug":"aukioloajat","status":"publish","type":"page","link":"https:\/\/ilonka.fi\/www\/aukioloajat\/","title":{"rendered":"Aukioloajat"},"content":{"rendered":"\n<div class=\"wp-block-columns are-vertically-aligned-top is-layout-flex wp-container-core-columns-is-layout-28f84493 wp-block-columns-is-layout-flex\">\n<div class=\"wp-block-column is-layout-flow wp-block-column-is-layout-flow\" style=\"flex-basis:7%\">\n<figure class=\"wp-block-image is-resized\"><img loading=\"lazy\" decoding=\"async\" width=\"118\" height=\"144\" src=\"https:\/\/ilonka.fi\/www\/wp-content\/uploads\/2024\/01\/Tuli-liekki.png\" alt=\"\" class=\"wp-image-140\" style=\"width:44px;height:auto\"\/><\/figure>\n<\/div>\n\n\n\n<div class=\"wp-block-column is-layout-flow wp-block-column-is-layout-flow\">\n<h3 class=\"wp-block-heading\">Olemme auki ymp\u00e4ri vuoden<\/h3>\n\n\n\n<p>Muistathan varata aktiviteetit ja el\u00e4mykset ennakkoon!<\/p>\n\n\n\n<h2 class=\"wp-block-heading has-large-font-size\">Yleiset aukioloajat: farmivierailut, kahvila &amp; putiikki<\/h2>\n\n\n\n<p>Aktiviteettien ja yksityisten el\u00e4mysten lis\u00e4ksi voit vierailla farmilla yleisin\u00e4 aukioloaikoina, joita p\u00e4ivitell\u00e4\u00e4n t\u00e4h\u00e4n alle. Yleisin\u00e4 aukioloaikoina kahvila ja Lillin k\u00e4sity\u00f6putiikki ovat auki, ja lis\u00e4ksi voit ostaa sis\u00e4\u00e4np\u00e4\u00e4sylipun <strong>omatoimiselle farmivierailulle<\/strong>, tapaamaan huskeja ja vuodenajasta riippuen muita el\u00e4imi\u00e4 sek\u00e4 nauttimaan lyhyest\u00e4 luontopolusta, miss\u00e4 kurkataan suomalaiseen mytologiaan ja tehd\u00e4\u00e4n pieni\u00e4 teht\u00e4vi\u00e4, kuten esimerkiksi kullanhuuhdontaa, maatilahommia ja mets\u00e4jumppaa. Shamaaniel\u00e4mys Lapin rumpuineen p\u00e4\u00e4tt\u00e4\u00e4 kierroksen ihanasti.<\/p>\n\n\n\n<p>YLEISET AUKIOLOAJAT:<\/p>\n\n\n\n<p><strong>19.11.2025-28.3.2026<\/strong><\/p>\n\n\n\n<p>yleens\u00e4 KE &#8211; LA 13.30-16.30<\/p>\n\n\n\n<p>POIKKEUKSET:<\/p>\n\n\n\n<ul class=\"wp-block-list\">\n<li><\/li>\n<\/ul>\n\n\n\n<p>L\u00e4mpim\u00e4sti tervetuloa Ilonkaan!<\/p>\n<\/div>\n\n\n\n<div class=\"wp-block-column is-layout-flow wp-block-column-is-layout-flow\" style=\"flex-basis:40%\">\n<p><\/p>\n\n\n\n<p><\/p>\n\n\n\n<p><\/p>\n\n\n\n<p>N\u00e4m\u00e4 aukioloajat eiv\u00e4t p\u00e4de erikseen varattaviin tai yksityisiin aktiviteetteihin ja el\u00e4myksiin. Aktiviteetit ja el\u00e4mykset ovat varattavissa ymp\u00e4ri vuoden ja muinakin kuin yleisin\u00e4 aukioloaikoina. <\/p>\n\n\n\n<p>Varaathan aktiviteetit ennakkoon!<\/p>\n\n\n\n<p><\/p>\n\n\n\n<p><\/p>\n\n\n\n<p><\/p>\n<\/div>\n<\/div>\n\n\n\n<div class=\"wp-block-buttons is-content-justification-center is-layout-flex wp-container-core-buttons-is-layout-a89b3969 wp-block-buttons-is-layout-flex\">\n<div class=\"wp-block-button\"><a class=\"wp-block-button__link wp-element-button\" href=\"https:\/\/ilonka.fi\/en\/summer\/\">Kes\u00e4n ja syksyn aktiviteetit ja el\u00e4mykset<\/a><\/div>\n\n\n\n<div class=\"wp-block-button\"><a class=\"wp-block-button__link wp-element-button\" href=\"https:\/\/ilonka.fi\/en\/winter\/\">Talvikauden aktiviteetit ja el\u00e4mykset<\/a><\/div>\n<\/div>\n\n\n\n<hr class=\"wp-block-separator has-alpha-channel-opacity\"\/>\n\n\n\n<div class=\"wp-block-group alignfull has-global-padding is-layout-constrained wp-container-core-group-is-layout-669513ed wp-block-group-is-layout-constrained\" style=\"margin-top:0;margin-bottom:0;padding-top:var(--wp--preset--spacing--50);padding-right:var(--wp--preset--spacing--50);padding-bottom:var(--wp--preset--spacing--50);padding-left:var(--wp--preset--spacing--50)\">\n<blockquote class=\"wp-block-quote is-layout-flow wp-block-quote-is-layout-flow\">\n<h2 class=\"wp-block-heading has-large-font-size\">L\u00f6yd\u00e4t meid\u00e4t Ivalon ja Saarisel\u00e4n v\u00e4list\u00e4<\/h2>\n\n\n\n<p><a href=\"https:\/\/maps.app.goo.gl\/ArdmmhBG6xoQgLcH8\">Rovaniementie 915 a, Ivalo<\/a><\/p>\n<\/blockquote>\n\n\n\n<p>P\u00e4\u00e4set Ilonkaan helposti k\u00e4vellen tai py\u00f6r\u00e4ll\u00e4 (jos majoitut Ivalossa tai l\u00e4hiseudulla), autolla, taksilla tai bussilla. Jos olet varaamassa yksityist\u00e4 aktiviteettia, voimme mahdollisesti j\u00e4rjest\u00e4\u00e4 kuljetuksen. Varmista t\u00e4m\u00e4 viel\u00e4 ennen varaustasi!<\/p>\n\n\n\n<p>Katso bussien aikataulut: <a href=\"https:\/\/www.matkahuolto.fi\/matkustajat\/bussiaikataulut\">Matkahuolto<\/a><\/p>\n\n\n\n<p>Pys\u00e4kkimme on Tolonen Th.<\/p>\n\n\n\n<p>Seudulta l\u00f6ytyy useita taksiyhti\u00f6it\u00e4, esimerkiksi&nbsp;<a href=\"https:\/\/www.ivalotaxiservice.fi\/\">Ivalo Taxi Service<\/a> ja <a href=\"https:\/\/pajarintaksi.fi\/\">Pajarin taksi<\/a><\/p>\n\n\n\n<figure class=\"wp-block-image size-large\"><img loading=\"lazy\" decoding=\"async\" width=\"640\" height=\"1024\" src=\"https:\/\/ilonka.fi\/www\/wp-content\/uploads\/2024\/01\/Ilonka-karttta-640x1024.jpg\" alt=\"\" class=\"wp-image-208\" srcset=\"https:\/\/ilonka.fi\/www\/wp-content\/uploads\/2024\/01\/Ilonka-karttta-640x1024.jpg 640w, https:\/\/ilonka.fi\/www\/wp-content\/uploads\/2024\/01\/Ilonka-karttta-188x300.jpg 188w, https:\/\/ilonka.fi\/www\/wp-content\/uploads\/2024\/01\/Ilonka-karttta-768x1229.jpg 768w, https:\/\/ilonka.fi\/www\/wp-content\/uploads\/2024\/01\/Ilonka-karttta-600x960.jpg 600w, https:\/\/ilonka.fi\/www\/wp-content\/uploads\/2024\/01\/Ilonka-karttta.jpg 900w\" sizes=\"auto, (max-width: 640px) 100vw, 640px\" \/><\/figure>\n\n\n\n<figure class=\"wp-block-image size-large\"><img loading=\"lazy\" decoding=\"async\" width=\"912\" height=\"1024\" src=\"https:\/\/ilonka.fi\/www\/wp-content\/uploads\/2025\/01\/IMG_8053-912x1024.jpeg\" alt=\"\" class=\"wp-image-367\" srcset=\"https:\/\/ilonka.fi\/www\/wp-content\/uploads\/2025\/01\/IMG_8053-912x1024.jpeg 912w, https:\/\/ilonka.fi\/www\/wp-content\/uploads\/2025\/01\/IMG_8053-267x300.jpeg 267w, https:\/\/ilonka.fi\/www\/wp-content\/uploads\/2025\/01\/IMG_8053-768x863.jpeg 768w, https:\/\/ilonka.fi\/www\/wp-content\/uploads\/2025\/01\/IMG_8053-1367x1536.jpeg 1367w, https:\/\/ilonka.fi\/www\/wp-content\/uploads\/2025\/01\/IMG_8053-600x674.jpeg 600w, https:\/\/ilonka.fi\/www\/wp-content\/uploads\/2025\/01\/IMG_8053.jpeg 1823w\" sizes=\"auto, (max-width: 912px) 100vw, 912px\" \/><\/figure>\n<\/div>\n","protected":false},"excerpt":{"rendered":"<p>Olemme auki ymp\u00e4ri vuoden Muistathan varata aktiviteetit ja el\u00e4mykset ennakkoon! Yleiset aukioloajat: farmivierailut, kahvila &amp; putiikki Aktiviteettien ja yksityisten el\u00e4mysten lis\u00e4ksi voit vierailla farmilla yleisin\u00e4 aukioloaikoina, joita p\u00e4ivitell\u00e4\u00e4n t\u00e4h\u00e4n alle. Yleisin\u00e4 aukioloaikoina kahvila ja Lillin k\u00e4sity\u00f6putiikki ovat auki, ja lis\u00e4ksi voit ostaa sis\u00e4\u00e4np\u00e4\u00e4sylipun omatoimiselle farmivierailulle, tapaamaan huskeja ja vuodenajasta riippuen muita el\u00e4imi\u00e4 sek\u00e4 nauttimaan lyhyest\u00e4 [&hellip;]<\/p>\n","protected":false},"author":1,"featured_media":130,"parent":0,"menu_order":0,"comment_status":"closed","ping_status":"closed","template":"","meta":{"_sitemap_exclude":false,"_sitemap_priority":"","_sitemap_frequency":"","footnotes":""},"class_list":["post-119","page","type-page","status-publish","has-post-thumbnail","hentry"],"_links":{"self":[{"href":"https:\/\/ilonka.fi\/www\/wp-json\/wp\/v2\/pages\/119","targetHints":{"allow":["GET"]}}],"collection":[{"href":"https:\/\/ilonka.fi\/www\/wp-json\/wp\/v2\/pages"}],"about":[{"href":"https:\/\/ilonka.fi\/www\/wp-json\/wp\/v2\/types\/page"}],"author":[{"embeddable":true,"href":"https:\/\/ilonka.fi\/www\/wp-json\/wp\/v2\/users\/1"}],"replies":[{"embeddable":true,"href":"https:\/\/ilonka.fi\/www\/wp-json\/wp\/v2\/comments?post=119"}],"version-history":[{"count":61,"href":"https:\/\/ilonka.fi\/www\/wp-json\/wp\/v2\/pages\/119\/revisions"}],"predecessor-version":[{"id":439,"href":"https:\/\/ilonka.fi\/www\/wp-json\/wp\/v2\/pages\/119\/revisions\/439"}],"wp:featuredmedia":[{"embeddable":true,"href":"https:\/\/ilonka.fi\/www\/wp-json\/wp\/v2\/media\/130"}],"wp:attachment":[{"href":"https:\/\/ilonka.fi\/www\/wp-json\/wp\/v2\/media?parent=119"}],"curies":[{"name":"wp","href":"https:\/\/api.w.org\/{rel}","templated":true}]}}