{"id":2,"date":"2024-01-04T09:57:06","date_gmt":"2024-01-04T09:57:06","guid":{"rendered":"https:\/\/ilonka.fi\/www\/?page_id=2"},"modified":"2025-06-02T13:47:31","modified_gmt":"2025-06-02T10:47:31","slug":"sample-page","status":"publish","type":"page","link":"https:\/\/ilonka.fi\/www\/sample-page\/","title":{"rendered":"Tietoa meist\u00e4"},"content":{"rendered":"\n<blockquote class=\"wp-block-quote is-layout-flow wp-block-quote-is-layout-flow\">\n<p class=\"has-text-align-center\"><strong>KOKO PERHEEN EL\u00c4MYSFARMI IVALOSSA<\/strong><\/p>\n\n\n\n<p>Ilonka syntyi entiselle Kamisakin tilalle Ivalon ja Saarisel\u00e4n v\u00e4liss\u00e4<\/p>\n<cite>Vuoden 2023 lopussa varmistui koko perheen el\u00e4mysfarmin syntyminen l\u00e4helle Saariselk\u00e4\u00e4 Ivalon T\u00f6rm\u00e4seen, kun entisen Kamisakin tilan kauppa vahvistui. Ilonkan uudenlaisen luonto- ja el\u00e4inyhteytt\u00e4 sek\u00e4 aitoutta vaalivan matkailu- ja vapaa-ajan konseptin idea on palvella koko perhett\u00e4 lapsista isovanhempiin. Farmi on auki kaikkina vuodenaikoina. Yhten\u00e4 vetonaulana on Suomen ainoa lasten Husky-rekiajelu.<\/cite><\/blockquote>\n\n\n\n<p><\/p>\n\n\n\n<blockquote class=\"wp-block-quote is-layout-flow wp-block-quote-is-layout-flow\">\n<p><strong>Hyvinvointia ja voimaa pys\u00e4htymisest\u00e4 aitouden ja luonnon \u00e4\u00e4relle<\/strong><\/p>\n<cite>Meill\u00e4 Ilonkassa ammennetaan hyvinvointia, voimaa ja viisautta el\u00e4in- ja luontoyhteydest\u00e4, herk\u00e4st\u00e4 arktisesta luonnosta ja esi-isien perinn\u00f6st\u00e4. Haluamme el\u00e4\u00e4 ja jakaa el\u00e4m\u00e4ntapaamme vieraidemme kanssa. El\u00e4mme luonnon tahtiin ja ymp\u00e4rist\u00f6yst\u00e4v\u00e4llisesti kunniottaen el\u00e4inten ja ihmisten oikeuksia. Arvostamme aitoja asioita, oikeaa ja luonnollista ruokaa ja aitoa luonnonmukaista el\u00e4m\u00e4\u00e4. Aitous, hetkess\u00e4 el\u00e4minen, luontoyhteys, aktiivisuus ja aito ravinto ovat tie hyvinvointiin ja onneen.<br><br>Kun tulet el\u00e4mysfarmivierailulle, kierr\u00e4t farmilla ja pienell\u00e4 luontopolulla aistien luontoa esi-isilt\u00e4mme perittyjen tarinoiden johdattelemana ja tehden kahdeksan vuodenajan mukaan vaihtuvia kaikkia aisteja aktivoivia ja mystisten tarinoiden siivitt\u00e4mi\u00e4 teht\u00e4vi\u00e4. Farmivierailujen lis\u00e4ksi luonnon ja esi-isien viisauden \u00e4\u00e4relle pys\u00e4hdyt\u00e4\u00e4n my\u00f6s husky-k\u00e4velyill\u00e4, perinteisesti saunoen, marjastus- ja koiravaljakkoretkill\u00e4, lasten husky-ajeluilla ja y\u00f6n yli seikkailuilla.<br><br>Mobiililaitteet taitavat j\u00e4\u00e4d\u00e4 kakkoseksi, kun p\u00e4\u00e4see Ilonkaan!<\/cite><\/blockquote>\n\n\n\n<blockquote class=\"wp-block-quote is-layout-flow wp-block-quote-is-layout-flow\">\n<p><strong><strong>&#8221;Haluan jakaa rakkauttani el\u00e4imiin, luontoon ja k\u00e4sill\u00e4 tekemiseen\u201d<\/strong><\/strong><\/p>\n\n\n\n<figure class=\"wp-block-image size-large\"><img loading=\"lazy\" decoding=\"async\" width=\"683\" height=\"1024\" src=\"https:\/\/ilonka.fi\/www\/wp-content\/uploads\/2024\/01\/DSC_0224-683x1024.jpg\" alt=\"\" class=\"wp-image-101\"\/><\/figure>\n\n\n\n<p><\/p>\n<cite>Kaiken takana on Lilli. \u201dHaluan jakaa iloa ja valoa \u2013 rakkauttani koiravaljakkoajeluun, el\u00e4imiin, luontoon ja k\u00e4sill\u00e4 tekemiseen\u201d, sanoo Lilli Nurmi samalla neuloen putiikkiin myyntiin tulevaa villapuseroa, ja lis\u00e4\u00e4: \u201dTilan nimi, Ilonka, ja&nbsp; logossa l\u00f6ytyv\u00e4 Kenaz-riimu tarkoittavat molemmat valoa ja soihtua.\u201d<br>&nbsp;<br>Lilli on kasvanut etel\u00e4-Suomessa perheess\u00e4, miss\u00e4 on aina pidetty huolta ymp\u00e4rist\u00f6st\u00e4, ymp\u00e4r\u00f6iv\u00e4st\u00e4 luonnosta ja el\u00e4imist\u00e4 sek\u00e4 liikuttu paljon luonnossa ker\u00e4illen ja kalastaen. Kierr\u00e4tt\u00e4minen, osittainen omavaraisuus, turhan kulutuksen v\u00e4ltt\u00e4minen, el\u00e4inten ja ihmisten hyv\u00e4 ja tasa-arvoinen kohtelu ja taloudellinenkin vastuullisuus ovat olleet itsest\u00e4\u00e4nselv\u00e4 osa el\u00e4m\u00e4\u00e4 aina. Koiria on aina my\u00f6s kuulunut perheeseen.<br><br>Miten sitten huskyt ja Lappi? Lilli l\u00f6ysi huskyt ollessaan el\u00e4inlukiossa Tukholmassa. Kouluaikoina tie vei harjoitteluun aivan ihanalle ruotsalaiselle <a href=\"https:\/\/auroraborealis.nu\/sv\/\">huskyfarmille<\/a>. Se oli rakkautta ensisilm\u00e4yksell\u00e4. Valmistuttuaan el\u00e4intenhoitajaksi Lilli suuntasi t\u00f6ihin huskyfarmille, ja viihtyi Muoniossa sijaitsevalla farmilla melkein nelj\u00e4 vuotta. Sitten vuoden 2023 lopussa tuli tilaisuus aloittaa omann\u00e4k\u00f6inen toiminta Ivalossa. Syntyi Ilonka.<br><br>Lilli haluaa palvella my\u00f6s paikallisia ja aikoo j\u00e4rjest\u00e4\u00e4 yrityksens\u00e4 nimiss\u00e4 erilaisia tapahtumia, kursseja, leirej\u00e4 ja retriittej\u00e4. \u201dMinulle t\u00e4rke\u00e4\u00e4 on tutustua paikallisiin ja p\u00e4\u00e4st\u00e4 osaksi t\u00e4t\u00e4 hienoa pohjois-Lappia\u201d, sanoo Lilli Nurmi, \u00c4k\u00e4slompolosta Ivaloon muuttanut nuori el\u00e4intenhoitaja, k\u00e4sity\u00f6virtuoosi ja yritt\u00e4j\u00e4.<\/cite><\/blockquote>\n\n\n\n<p><\/p>\n\n\n\n<blockquote class=\"wp-block-quote is-layout-flow wp-block-quote-is-layout-flow\">\n<p><strong>Ilonkassa lapset p\u00e4\u00e4sev\u00e4t itse ohjaksiin<\/strong><\/p>\n\n\n\n<figure class=\"wp-block-image size-large\"><img loading=\"lazy\" decoding=\"async\" width=\"1024\" height=\"461\" src=\"https:\/\/ilonka.fi\/www\/wp-content\/uploads\/2024\/01\/IMG-20231119-WA0011-1024x461.jpg\" alt=\"\" class=\"wp-image-94\"\/><\/figure>\n<cite>Lilli Nurmi halusi luoda Ivaloon ainutlaatuisen paikan, miss\u00e4 ja mist\u00e4 k\u00e4sin toteutetaan kokonaisvaltaisia el\u00e4myksi\u00e4 luontoa, el\u00e4imi\u00e4 ja esi-isien perint\u00f6\u00e4, mystisi\u00e4 tarinoita kunnioittaen ja niit\u00e4 esille tuoden. Palveluissa ja aktiviteeteissa ollaan panostettu etenkin lapsiperheiden tarpeisiin. Kun lapset viihtyv\u00e4t, viihtyv\u00e4t kaikki!<br><br>Ilonkan el\u00e4mysfarmilla lapset p\u00e4\u00e4sev\u00e4t ohjaksiin monessakin merkityksess\u00e4, itse ajamaan husky-reke\u00e4, tekem\u00e4\u00e4n k\u00e4sill\u00e4\u00e4n ja kokemaan asioita eri aisteillaan. Vaikka Ilonkassa panostetaankin lapsiin, niin osallistavat aktiviteetit, el\u00e4imet ja el\u00e4mykset ovat my\u00f6s aikuisten ja jokaisen sis\u00e4isen lapsen mieleen!<\/cite><\/blockquote>\n","protected":false},"excerpt":{"rendered":"<p>KOKO PERHEEN EL\u00c4MYSFARMI IVALOSSA Ilonka syntyi entiselle Kamisakin tilalle Ivalon ja Saarisel\u00e4n v\u00e4liss\u00e4 Vuoden 2023 lopussa varmistui koko perheen el\u00e4mysfarmin syntyminen l\u00e4helle Saariselk\u00e4\u00e4 Ivalon T\u00f6rm\u00e4seen, kun entisen Kamisakin tilan kauppa vahvistui. Ilonkan uudenlaisen luonto- ja el\u00e4inyhteytt\u00e4 sek\u00e4 aitoutta vaalivan matkailu- ja vapaa-ajan konseptin idea on palvella koko perhett\u00e4 lapsista isovanhempiin. Farmi on auki kaikkina vuodenaikoina. [&hellip;]<\/p>\n","protected":false},"author":1,"featured_media":76,"parent":0,"menu_order":0,"comment_status":"closed","ping_status":"open","template":"","meta":{"_sitemap_exclude":false,"_sitemap_priority":"","_sitemap_frequency":"","footnotes":""},"class_list":["post-2","page","type-page","status-publish","has-post-thumbnail","hentry"],"_links":{"self":[{"href":"https:\/\/ilonka.fi\/www\/wp-json\/wp\/v2\/pages\/2","targetHints":{"allow":["GET"]}}],"collection":[{"href":"https:\/\/ilonka.fi\/www\/wp-json\/wp\/v2\/pages"}],"about":[{"href":"https:\/\/ilonka.fi\/www\/wp-json\/wp\/v2\/types\/page"}],"author":[{"embeddable":true,"href":"https:\/\/ilonka.fi\/www\/wp-json\/wp\/v2\/users\/1"}],"replies":[{"embeddable":true,"href":"https:\/\/ilonka.fi\/www\/wp-json\/wp\/v2\/comments?post=2"}],"version-history":[{"count":17,"href":"https:\/\/ilonka.fi\/www\/wp-json\/wp\/v2\/pages\/2\/revisions"}],"predecessor-version":[{"id":391,"href":"https:\/\/ilonka.fi\/www\/wp-json\/wp\/v2\/pages\/2\/revisions\/391"}],"wp:featuredmedia":[{"embeddable":true,"href":"https:\/\/ilonka.fi\/www\/wp-json\/wp\/v2\/media\/76"}],"wp:attachment":[{"href":"https:\/\/ilonka.fi\/www\/wp-json\/wp\/v2\/media?parent=2"}],"curies":[{"name":"wp","href":"https:\/\/api.w.org\/{rel}","templated":true}]}}