{"id":3,"date":"2024-01-04T09:57:06","date_gmt":"2024-01-04T09:57:06","guid":{"rendered":"https:\/\/ilonka.fi\/www\/?page_id=3"},"modified":"2025-08-20T11:20:54","modified_gmt":"2025-08-20T08:20:54","slug":"privacy-policy","status":"publish","type":"page","link":"https:\/\/ilonka.fi\/www\/privacy-policy\/","title":{"rendered":"Yksityisyysk\u00e4yt\u00e4nt\u00f6"},"content":{"rendered":"\n<h2 class=\"wp-block-heading\">Tietosuojaseloste<\/h2>\n\n\n\n<p>Me kunnioitamme yksityisyytt\u00e4si kaiken sen tiedon osalta, jota saatamme ker\u00e4t\u00e4.<\/p>\n\n\n\n<p>Ilonkan k\u00e4yt\u00e4nt\u00f6n\u00e4 on kunnioittaa yksityisyytt\u00e4si kaiken sen tiedon osalta, jota saatamme ker\u00e4t\u00e4 verkkosivustollamme. T\u00e4m\u00e4 tietosuojaseloste koskee osoitetta <a class=\"\" href=\"http:\/\/www.ilonka.fi\">www.ilonka.fi<\/a>. Kunnioitamme yksityisyytt\u00e4si ja sitoudumme suojelemaan henkil\u00f6tietoja, joita annat meille verkkosivuston kautta. Olemme laatineet t\u00e4m\u00e4n tietosuojaselosteen selitt\u00e4\u00e4ksemme, mit\u00e4 tietoja voimme ker\u00e4t\u00e4 verkkosivustollamme, miten k\u00e4yt\u00e4mme n\u00e4it\u00e4 tietoja ja miss\u00e4 olosuhteissa voimme luovuttaa niit\u00e4 kolmansille osapuolille.<\/p>\n\n\n\n<h3 class=\"wp-block-heading\">Tietosuojaselosteen muutokset<\/h3>\n\n\n\n<p>Vaikka useimmat muutokset ovat todenn\u00e4k\u00f6isesti v\u00e4h\u00e4isi\u00e4, voimme ajoittain muuttaa t\u00e4t\u00e4 tietosuojaselostetta oman harkintamme mukaan. Kehotamme k\u00e4vij\u00f6it\u00e4 tarkistamaan t\u00e4m\u00e4n sivun s\u00e4\u00e4nn\u00f6llisesti mahdollisten muutosten varalta. Jatkamalla t\u00e4m\u00e4n sivuston k\u00e4ytt\u00f6\u00e4 muutosten j\u00e4lkeen hyv\u00e4ksyt muutetun tietosuojaselosteen.<\/p>\n\n\n\n<h3 class=\"wp-block-heading\">Mit\u00e4 tietoja ker\u00e4\u00e4mme<\/h3>\n\n\n\n<p>Voimme ker\u00e4t\u00e4 tietoja sinusta, kun otat meihin yhteytt\u00e4 verkkosivustomme ja verkkolomakkeiden kautta, puhelimitse, s\u00e4hk\u00f6postitse tai postitse, tai kun vierailet luonamme yleis\u00f6tapahtumissa kuten messuilla. Tyypillisesti ker\u00e4\u00e4mme seuraavia tietoja:<\/p>\n\n\n\n<ul class=\"wp-block-list\">\n<li>Koko nimesi<\/li>\n\n\n\n<li>Yhteystietosi, mukaan lukien s\u00e4hk\u00f6postiosoite ja puhelinnumero<\/li>\n\n\n\n<li>Kielesi, toiveesi j\u00e4rjestelyiden suhteen sek\u00e4 mahdolliset erityistoiveet liittyen aktiviteettiisi tai retkeesi<\/li>\n\n\n\n<li>Markkinointi- ja viestint\u00e4tietoja, kuten mieltymyksesi markkinointiviestien vastaanottamiseen<\/li>\n\n\n\n<li>Muuta tietoa, joka liittyy asiakaskyselyihin ja\/tai tarjouksiin<\/li>\n<\/ul>\n\n\n\n<h3 class=\"wp-block-heading\">Tietoja, joita voimme ker\u00e4t\u00e4 muista l\u00e4hteist\u00e4<\/h3>\n\n\n\n<p>Voimme my\u00f6s ker\u00e4t\u00e4 tietoja julkisesti saatavilla olevista l\u00e4hteist\u00e4 ja kolmansilta osapuolilta, esimerkiksi:<\/p>\n\n\n\n<ul class=\"wp-block-list\">\n<li>Matkatoimistolta tai aktiviteettimyyj\u00e4lt\u00e4, joka toimii puolestasi retken tai aktiviteetin myynniss\u00e4 ja jakaa tarvittavat tiedot meille<\/li>\n\n\n\n<li>Maksupalveluntarjoajaltamme maksujen k\u00e4sittelyyn ja mahdollisten palautusten tekemiseen liittyvi\u00e4 tietoja, kuten kortti- ja tilinumeroita<\/li>\n\n\n\n<li>Tietoa liittyen sosiaalisen median sovellustemme, sivujemme tai lis\u00e4osien k\u00e4ytt\u00f6\u00f6n<\/li>\n<\/ul>\n\n\n\n<h3 class=\"wp-block-heading\">Miten k\u00e4yt\u00e4mme ker\u00e4ttyj\u00e4 tietoja<\/h3>\n\n\n\n<p>K\u00e4yt\u00e4mme henkil\u00f6tietojasi varausten k\u00e4sittelyyn ja pyyt\u00e4m\u00e4si palvelun toimittamiseen. Lis\u00e4ksi voimme k\u00e4ytt\u00e4\u00e4 tietojasi seuraaviin tarkoituksiin:<\/p>\n\n\n\n<ul class=\"wp-block-list\">\n<li>Ilmoitusten antamiseen retkest\u00e4si tai aktiviteetistasi<\/li>\n\n\n\n<li>Tilisi hallinnointiin, maksujen k\u00e4sittelyyn ja ilmoitusten toimittamiseen<\/li>\n\n\n\n<li>Pyyt\u00e4m\u00e4si tiedon l\u00e4hett\u00e4miseen koskien aktiviteettejamme ja retki\u00e4mme<\/li>\n\n\n\n<li>Yleiseen yhteydenpitoon<\/li>\n\n\n\n<li>Tuotteidemme ja palveluidemme parantamiseen<\/li>\n\n\n\n<li>Erityistarjousten l\u00e4hett\u00e4miseen aktiviteeteista tai retkist\u00e4, jos olet antanut siihen luvan<\/li>\n\n\n\n<li>Lakis\u00e4\u00e4teisten velvoitteiden t\u00e4ytt\u00e4miseen, jos laki niin vaatii<\/li>\n\n\n\n<li>Markkinatutkimuksiin; voimme olla sinuun yhteydess\u00e4 s\u00e4hk\u00f6postitse, puhelimitse tai postitse. Voimme k\u00e4ytt\u00e4\u00e4 tietoja my\u00f6s verkkosivustomme muokkaamiseen kiinnostuksesi mukaan.<\/li>\n<\/ul>\n\n\n\n<h3 class=\"wp-block-heading\">Tietojen luovutus kolmansille osapuolille<\/h3>\n\n\n\n<p>Emme jaa, myy, vuokraa tai muutoin luovuta henkil\u00f6tietojasi muille, paitsi t\u00e4ss\u00e4 tietosuojaselosteessa kuvatulla tavalla. Voimme luovuttaa tietojasi seuraavissa tilanteissa:<\/p>\n\n\n\n<ul class=\"wp-block-list\">\n<li>Kun meid\u00e4n on jaettava tietosi aktiviteetti- tai majoituskumppanille varaustasi varten<\/li>\n\n\n\n<li>Kun varaamme kuljetuksia puolestasi tai osana retke\u00e4mme<\/li>\n\n\n\n<li>Kun laki, haaste tai tuomioistuinm\u00e4\u00e4r\u00e4ys velvoittaa tietojen luovuttamiseen<\/li>\n\n\n\n<li>Kun uskomme sen olevan tarpeen laittoman toiminnan, ep\u00e4illyn petoksen tai uhkien tutkinnassa, ehk\u00e4isemisess\u00e4 tai niihin liittyviss\u00e4 toimissa<\/li>\n<\/ul>\n\n\n\n<p>Emme salli kolmansien palveluntarjoajiemme k\u00e4ytt\u00e4\u00e4 henkil\u00f6tietojasi omiin tarkoituksiinsa, vaan sallimme tietojen k\u00e4sittelyn vain m\u00e4\u00e4riteltyihin tarkoituksiin ja ohjeidemme mukaisesti.<\/p>\n\n\n\n<h3 class=\"wp-block-heading\">Turvallisuus<\/h3>\n\n\n\n<p>Olemme sitoutuneet varmistamaan, ett\u00e4 tietosi ovat turvassa. Suojaamme ker\u00e4\u00e4m\u00e4mme tiedot asianmukaisin fyysisin, s\u00e4hk\u00f6isin ja hallinnollisin menettelyin luvattoman k\u00e4yt\u00f6n ja v\u00e4\u00e4rink\u00e4yt\u00f6n est\u00e4miseksi.<\/p>\n\n\n\n<h3 class=\"wp-block-heading\">Linkit kolmansien osapuolten sivustoihin<\/h3>\n\n\n\n<p>Verkkosivustomme voi sis\u00e4lt\u00e4\u00e4 linkkej\u00e4 ulkopuolisille sivustoille, joita emme hallinnoi. Jos klikkaat kolmannen osapuolen linkki\u00e4, siirryt kyseisen osapuolen sivustolle. Meill\u00e4 ei ole kontrollia n\u00e4ihin sivustoihin, emmek\u00e4 ole vastuussa niiden sis\u00e4ll\u00f6st\u00e4, tietosuojak\u00e4yt\u00e4nn\u00f6ist\u00e4 tai toiminnasta. Suosittelemme tutustumaan jokaisen vierailemasi sivuston tietosuojak\u00e4yt\u00e4nt\u00f6\u00f6n ja k\u00e4ytt\u00f6ehtoihin.<\/p>\n\n\n\n<h3 class=\"wp-block-heading\">Google Analytics<\/h3>\n\n\n\n<p>T\u00e4m\u00e4 verkkosivusto k\u00e4ytt\u00e4\u00e4 Google Analytics -palvelua, jonka tarjoaa Google, Inc. (\u201cGoogle\u201d). Google Analytics k\u00e4ytt\u00e4\u00e4 ev\u00e4steit\u00e4 (cookies), jotka tallennetaan tietokoneellesi ja auttavat analysoimaan verkkosivuston k\u00e4ytt\u00f6\u00e4. Ev\u00e4steiden tuottama tieto sivuston k\u00e4yt\u00f6st\u00e4si (mukaan lukien IP-osoitteesi) siirret\u00e4\u00e4n Googlelle Yhdysvaltoihin ja tallennetaan siell\u00e4. Google k\u00e4ytt\u00e4\u00e4 t\u00e4t\u00e4 tietoa arvioidakseen verkkosivuston k\u00e4ytt\u00f6\u00e4si, laatiakseen raportteja verkkosivuston toiminnasta sek\u00e4 tarjotakseen muita palveluita liittyen verkkosivuston toimintaan ja internetin k\u00e4ytt\u00f6\u00f6n. Google voi siirt\u00e4\u00e4 tietoja my\u00f6s kolmansille osapuolille, jos laki sit\u00e4 edellytt\u00e4\u00e4, tai jos kolmannet osapuolet k\u00e4sittelev\u00e4t tietoja Googlen puolesta. Google ei yhdist\u00e4 IP-osoitettasi muihin hallussaan oleviin tietoihin. Voit est\u00e4\u00e4 ev\u00e4steiden k\u00e4yt\u00f6n selaimesi asetuksilla, mutta huomioithan, ett\u00e4 t\u00e4ll\u00f6in et ehk\u00e4 voi k\u00e4ytt\u00e4\u00e4 kaikkia sivuston toimintoja. K\u00e4ytt\u00e4m\u00e4ll\u00e4 t\u00e4t\u00e4 sivustoa hyv\u00e4ksyt tietojesi k\u00e4sittelyn Googlen toimesta edell\u00e4 kuvatulla tavalla.<\/p>\n\n\n\n<h3 class=\"wp-block-heading\">Henkil\u00f6tietojesi hallinta<\/h3>\n\n\n\n<p>Jos olet aiemmin antanut suostumuksesi siihen, ett\u00e4 voimme k\u00e4ytt\u00e4\u00e4 henkil\u00f6tietojasi suoramarkkinointiin, voit muuttaa mielt\u00e4si milloin tahansa l\u00e4hett\u00e4m\u00e4ll\u00e4 meille s\u00e4hk\u00f6postia osoitteeseen <a>info@ilonka.fi<\/a>.<\/p>\n\n\n\n<p>Emme myy, jaa tai luovuta henkil\u00f6tietojasi kolmansille osapuolille ilman lupaasi, paitsi jos laki niin vaatii. Voimme k\u00e4ytt\u00e4\u00e4 tietojasi l\u00e4hett\u00e4\u00e4ksemme sinulle tietoa kolmansien osapuolten tarjouksista, jotka saattavat kiinnostaa sinua, mik\u00e4li olet antanut siihen suostumuksen. Emme siirr\u00e4 tietojasi Euroopan talousalueen (ETA) ulkopuolelle.<\/p>\n\n\n\n<p>Voit pyyt\u00e4\u00e4 kopion hallussamme olevista henkil\u00f6tiedoistasi EU:n yleisen tietosuoja-asetuksen mukaisesti. Jos haluat kopion tiedoista, ota yhteytt\u00e4 s\u00e4hk\u00f6postitse osoitteeseen <a>info@ilonka.fi<\/a>.<\/p>\n\n\n\n<p>Jos uskot, ett\u00e4 hallussamme olevissa tiedoissa on virheit\u00e4 tai puutteita, ilmoita siit\u00e4 meille s\u00e4hk\u00f6postitse osoitteeseen <a>info@ilonka.fi<\/a>. Korjaamme virheelliset tiedot viipym\u00e4tt\u00e4.<\/p>\n","protected":false},"excerpt":{"rendered":"<p>Tietosuojaseloste Me kunnioitamme yksityisyytt\u00e4si kaiken sen tiedon osalta, jota saatamme ker\u00e4t\u00e4. Ilonkan k\u00e4yt\u00e4nt\u00f6n\u00e4 on kunnioittaa yksityisyytt\u00e4si kaiken sen tiedon osalta, jota saatamme ker\u00e4t\u00e4 verkkosivustollamme. T\u00e4m\u00e4 tietosuojaseloste koskee osoitetta www.ilonka.fi. Kunnioitamme yksityisyytt\u00e4si ja sitoudumme suojelemaan henkil\u00f6tietoja, joita annat meille verkkosivuston kautta. Olemme laatineet t\u00e4m\u00e4n tietosuojaselosteen selitt\u00e4\u00e4ksemme, mit\u00e4 tietoja voimme ker\u00e4t\u00e4 verkkosivustollamme, miten k\u00e4yt\u00e4mme n\u00e4it\u00e4 tietoja ja [&hellip;]<\/p>\n","protected":false},"author":1,"featured_media":7,"parent":0,"menu_order":0,"comment_status":"closed","ping_status":"open","template":"","meta":{"_sitemap_exclude":false,"_sitemap_priority":"","_sitemap_frequency":"","footnotes":""},"class_list":["post-3","page","type-page","status-publish","has-post-thumbnail","hentry"],"_links":{"self":[{"href":"https:\/\/ilonka.fi\/www\/wp-json\/wp\/v2\/pages\/3","targetHints":{"allow":["GET"]}}],"collection":[{"href":"https:\/\/ilonka.fi\/www\/wp-json\/wp\/v2\/pages"}],"about":[{"href":"https:\/\/ilonka.fi\/www\/wp-json\/wp\/v2\/types\/page"}],"author":[{"embeddable":true,"href":"https:\/\/ilonka.fi\/www\/wp-json\/wp\/v2\/users\/1"}],"replies":[{"embeddable":true,"href":"https:\/\/ilonka.fi\/www\/wp-json\/wp\/v2\/comments?post=3"}],"version-history":[{"count":3,"href":"https:\/\/ilonka.fi\/www\/wp-json\/wp\/v2\/pages\/3\/revisions"}],"predecessor-version":[{"id":412,"href":"https:\/\/ilonka.fi\/www\/wp-json\/wp\/v2\/pages\/3\/revisions\/412"}],"wp:featuredmedia":[{"embeddable":true,"href":"https:\/\/ilonka.fi\/www\/wp-json\/wp\/v2\/media\/7"}],"wp:attachment":[{"href":"https:\/\/ilonka.fi\/www\/wp-json\/wp\/v2\/media?parent=3"}],"curies":[{"name":"wp","href":"https:\/\/api.w.org\/{rel}","templated":true}]}}