{"id":419,"date":"2026-02-07T16:25:55","date_gmt":"2026-02-07T14:25:55","guid":{"rendered":"https:\/\/ilonka.fi\/www\/?page_id=419"},"modified":"2026-03-11T16:36:45","modified_gmt":"2026-03-11T14:36:45","slug":"kesaleiri","status":"publish","type":"page","link":"https:\/\/ilonka.fi\/www\/kesaleiri\/","title":{"rendered":"Kes\u00e4leiri"},"content":{"rendered":"\n<div class=\"wp-block-group alignfull has-global-padding is-layout-constrained wp-container-core-group-is-layout-d89aad35 wp-block-group-is-layout-constrained\" style=\"margin-top:0;margin-bottom:0;padding-top:var(--wp--preset--spacing--50);padding-right:var(--wp--preset--spacing--50);padding-bottom:var(--wp--preset--spacing--50);padding-left:var(--wp--preset--spacing--50)\">\n<div class=\"wp-block-columns alignwide are-vertically-aligned-center is-layout-flex wp-container-core-columns-is-layout-47c06fe3 wp-block-columns-is-layout-flex\">\n<div class=\"wp-block-column is-vertically-aligned-center is-layout-flow wp-block-column-is-layout-flow\" style=\"flex-basis:50%\">\n<h2 class=\"wp-block-heading\">Ilonkan kes\u00e4leiri 7-12-vuotiaille<\/h2>\n\n\n\n<ul style=\"line-height:1.75\" class=\"wp-block-list is-style-checkmark-list\">\n<li>ihanaa yhdess\u00e4oloa, el\u00e4inten hoitamista, k\u00e4sit\u00f6it\u00e4, liikett\u00e4 ja lepoa<\/li>\n\n\n\n<li>8 ensimm\u00e4ist\u00e4 mahtuu mukaan<\/li>\n\n\n\n<li>4 p\u00e4iv\u00e4\u00e4: ma 1.6. &#8211; to 4.6.2026<\/li>\n\n\n\n<li>vauhdikas maatilaseikkailu<\/li>\n\n\n\n<li>Leirin hinta on 249\u20ac \n<ul class=\"wp-block-list\">\n<li>sis\u00e4lt\u00e4en ohjelman <\/li>\n\n\n\n<li>materiaalit k\u00e4sit\u00f6ihin<\/li>\n\n\n\n<li>lettukestitarjoilun<\/li>\n<\/ul>\n<\/li>\n<\/ul>\n\n\n\n<hr class=\"wp-block-separator has-alpha-channel-opacity\"\/>\n\n\n\n<script type=\"text\/javascript\" src=\"https:\/\/widgets.bokun.io\/assets\/javascripts\/apps\/build\/BokunWidgetsLoader.js?bookingChannelUUID=21728c7f-f848-452b-811c-16be43a9383d\" async><\/script>\n      <style> #bokun_71c3203f_bf06_4888_a480_50e64b4ebe1b { display: inline-block; padding: 10px 20px; background: #408C3D; border-radius: 5px; box-shadow: 0 8px 12px rgba(0,0,0,0.19); font-weight: 600; font-size: 16px; text-decoration: none; text-align: center; color: #FFFFFF; border:none; cursor: pointer; transition: background .2s ease; } #bokun_71c3203f_bf06_4888_a480_50e64b4ebe1b:hover{ background: #285726; } #bokun_71c3203f_bf06_4888_a480_50e64b4ebe1b:active{ background: #30682e; } <\/style> <button class=\"bokunButton\" disabled id=bokun_71c3203f_bf06_4888_a480_50e64b4ebe1b data-src=\"https:\/\/widgets.bokun.io\/online-sales\/21728c7f-f848-452b-811c-16be43a9383d\/experience\/1011014?partialView=1\" data-testid=\"widget-book-button\" > Varaa paikkasi t\u00e4st\u00e4! <\/button>\n<\/div>\n\n\n\n<div class=\"wp-block-column is-vertically-aligned-center is-layout-flow wp-block-column-is-layout-flow\" style=\"flex-basis:50%\">\n<figure class=\"wp-block-image size-full is-style-rounded is-style-rounded--1\"><img loading=\"lazy\" decoding=\"async\" width=\"1620\" height=\"1080\" src=\"https:\/\/ilonka.fi\/www\/wp-content\/uploads\/2025\/01\/dsc_3273.jpeg\" alt=\"\" class=\"wp-image-362\" style=\"aspect-ratio:4\/3;object-fit:cover\" srcset=\"https:\/\/ilonka.fi\/www\/wp-content\/uploads\/2025\/01\/dsc_3273.jpeg 1620w, https:\/\/ilonka.fi\/www\/wp-content\/uploads\/2025\/01\/dsc_3273-300x200.jpeg 300w, https:\/\/ilonka.fi\/www\/wp-content\/uploads\/2025\/01\/dsc_3273-1024x683.jpeg 1024w, https:\/\/ilonka.fi\/www\/wp-content\/uploads\/2025\/01\/dsc_3273-768x512.jpeg 768w, https:\/\/ilonka.fi\/www\/wp-content\/uploads\/2025\/01\/dsc_3273-1536x1024.jpeg 1536w, https:\/\/ilonka.fi\/www\/wp-content\/uploads\/2025\/01\/dsc_3273-600x400.jpeg 600w\" sizes=\"auto, (max-width: 1620px) 100vw, 1620px\" \/><\/figure>\n<\/div>\n<\/div>\n<\/div>\n\n\n\n<div class=\"wp-block-group alignfull has-accent-background-color has-background has-global-padding is-layout-constrained wp-container-core-group-is-layout-669513ed wp-block-group-is-layout-constrained\" style=\"margin-top:0;margin-bottom:0;padding-top:var(--wp--preset--spacing--50);padding-right:var(--wp--preset--spacing--50);padding-bottom:var(--wp--preset--spacing--50);padding-left:var(--wp--preset--spacing--50)\">\n<div class=\"wp-block-columns alignwide is-layout-flex wp-container-core-columns-is-layout-1da03c2a wp-block-columns-is-layout-flex\">\n<div class=\"wp-block-column is-vertically-aligned-stretch is-layout-flow wp-block-column-is-layout-flow\" style=\"flex-basis:50%\">\n<div class=\"wp-block-group is-vertical is-content-justification-stretch is-layout-flex wp-container-core-group-is-layout-444d5ee8 wp-block-group-is-layout-flex\" style=\"min-height:100%\">\n<p class=\"has-heading-font-family has-x-large-font-size\" style=\"line-height:1.2\">Tervetuloa Ilonkan kes\u00e4leirille!<\/p>\n\n\n\n<p>Kyseess\u00e4 on vauhdikas maatilaseikkailu Ilonkan menoon ja eloon tutustuen. Leiri on p\u00e4iv\u00e4leiri, joka on tarkoitettu n. 7-12-vuotiaille. Leirip\u00e4iv\u00e4 alkaa p\u00e4ivitt\u00e4in klo 9.30 ja p\u00e4\u00e4ttyy klo 15.<\/p>\n\n\n\n<p>Kes\u00e4leirill\u00e4 tutustutaan uusiin kavereihin ja Ilonkan v\u00e4rikk\u00e4\u00e4seen el\u00e4m\u00e4\u00e4n. Ikimuistoisen kes\u00e4leirin takaa hauska ohjelmakokonaisuus. Leirill\u00e4 hoidetaan el\u00e4imi\u00e4 (koiria, lampaita, kanoja, ankkoja ja vuohia), pidet\u00e4\u00e4n lettukestit, tehd\u00e4\u00e4n k\u00e4sit\u00f6it\u00e4 ja nikkaroidaan, leikit\u00e4\u00e4n, pelataan ja nautitaan alkukes\u00e4n valosta. Jos kelit sallivat, niin temppuilemme Ilonkan ulko-Gymill\u00e4. Mukaan voi ottaa my\u00f6s keppihevoset, jotka nauttivat vaihtelevista esteradoista.<\/p>\n\n\n\n<div class=\"wp-block-group has-global-padding is-content-justification-left is-layout-constrained wp-container-core-group-is-layout-9fe8ed88 wp-block-group-is-layout-constrained\"><\/div>\n<\/div>\n<\/div>\n\n\n\n<div class=\"wp-block-column is-vertically-aligned-center is-layout-flow wp-block-column-is-layout-flow\" style=\"flex-basis:50%\">\n<figure class=\"wp-block-image size-large is-style-rounded is-style-rounded--2\"><img loading=\"lazy\" decoding=\"async\" width=\"637\" height=\"1024\" src=\"https:\/\/ilonka.fi\/www\/wp-content\/uploads\/2026\/02\/puttepysty-637x1024.jpg\" alt=\"\" class=\"wp-image-422\" style=\"aspect-ratio:3\/4;object-fit:cover\" srcset=\"https:\/\/ilonka.fi\/www\/wp-content\/uploads\/2026\/02\/puttepysty-637x1024.jpg 637w, https:\/\/ilonka.fi\/www\/wp-content\/uploads\/2026\/02\/puttepysty-187x300.jpg 187w, https:\/\/ilonka.fi\/www\/wp-content\/uploads\/2026\/02\/puttepysty-768x1234.jpg 768w, https:\/\/ilonka.fi\/www\/wp-content\/uploads\/2026\/02\/puttepysty-956x1536.jpg 956w, https:\/\/ilonka.fi\/www\/wp-content\/uploads\/2026\/02\/puttepysty-1274x2048.jpg 1274w, https:\/\/ilonka.fi\/www\/wp-content\/uploads\/2026\/02\/puttepysty-scaled.jpg 1593w\" sizes=\"auto, (max-width: 637px) 100vw, 637px\" \/><\/figure>\n<\/div>\n<\/div>\n<\/div>\n\n\n\n<div class=\"wp-block-group alignfull has-global-padding is-layout-constrained wp-container-core-group-is-layout-d89aad35 wp-block-group-is-layout-constrained\" style=\"margin-top:0;margin-bottom:0;padding-top:var(--wp--preset--spacing--50);padding-right:var(--wp--preset--spacing--50);padding-bottom:var(--wp--preset--spacing--50);padding-left:var(--wp--preset--spacing--50)\">\n<div class=\"wp-block-group alignwide has-global-padding is-layout-constrained wp-container-core-group-is-layout-19e250f3 wp-block-group-is-layout-constrained\">\n<div class=\"wp-block-columns alignwide is-layout-flex wp-container-core-columns-is-layout-d1c656ed wp-block-columns-is-layout-flex\">\n<div class=\"wp-block-column is-vertically-aligned-center is-layout-flow wp-block-column-is-layout-flow\" style=\"flex-basis:40%\">\n<h3 class=\"wp-block-heading\">Omat lounasev\u00e4\u00e4t<\/h3>\n\n\n\n<p>Jokainen leiril\u00e4inen tuo mukanaan mieleiset lounasev\u00e4\u00e4t, jottei n\u00e4lk\u00e4 p\u00e4\u00e4se yll\u00e4tt\u00e4m\u00e4\u00e4n ja jokainen saa nauttia omien mieltymystens\u00e4 mukaisesta ruoasta. Lettup\u00e4iv\u00e4n\u00e4 tarjoamme letut hilloineen ja kermavaahtoineen.<\/p>\n\n\n\n<h4 class=\"wp-block-heading\">Ei vaadi ennakkotaitoja tai kokemusta<\/h4>\n\n\n\n<p>Leirille osallistuminen ei vaadi ennakkotaitoja tai kokemusta el\u00e4inten kanssa. Jokainen etenee el\u00e4inten hoidossa ja muissa askareissa omaan tahtiinsa. Leirille osallistuminen edellytt\u00e4\u00e4 kuitenkin ryhm\u00e4ss\u00e4 toimimista ja ohjeiden noudattamista.<\/p>\n\n\n\n<blockquote class=\"wp-block-quote is-layout-flow wp-block-quote-is-layout-flow\">\n<script type=\"text\/javascript\" src=\"https:\/\/widgets.bokun.io\/assets\/javascripts\/apps\/build\/BokunWidgetsLoader.js?bookingChannelUUID=21728c7f-f848-452b-811c-16be43a9383d\" async><\/script>\n      <style> #bokun_71c3203f_bf06_4888_a480_50e64b4ebe1b { display: inline-block; padding: 10px 20px; background: #408C3D; border-radius: 5px; box-shadow: 0 8px 12px rgba(0,0,0,0.19); font-weight: 600; font-size: 16px; text-decoration: none; text-align: center; color: #FFFFFF; border:none; cursor: pointer; transition: background .2s ease; } #bokun_71c3203f_bf06_4888_a480_50e64b4ebe1b:hover{ background: #285726; } #bokun_71c3203f_bf06_4888_a480_50e64b4ebe1b:active{ background: #30682e; } <\/style> <button class=\"bokunButton\" disabled id=bokun_71c3203f_bf06_4888_a480_50e64b4ebe1b data-src=\"https:\/\/widgets.bokun.io\/online-sales\/21728c7f-f848-452b-811c-16be43a9383d\/experience\/1011014?partialView=1\" data-testid=\"widget-book-button\" > Varaa paikkasi t\u00e4st\u00e4! <\/button>\n<\/blockquote>\n<\/div>\n\n\n\n<div class=\"wp-block-column is-layout-flow wp-block-column-is-layout-flow\" style=\"flex-basis:50%\">\n<figure class=\"wp-block-image size-large is-style-rounded is-style-rounded--3\"><img loading=\"lazy\" decoding=\"async\" width=\"768\" height=\"1024\" src=\"https:\/\/ilonka.fi\/www\/wp-content\/uploads\/2026\/02\/Kyosti_kukko-768x1024.jpg\" alt=\"\" class=\"wp-image-425\" srcset=\"https:\/\/ilonka.fi\/www\/wp-content\/uploads\/2026\/02\/Kyosti_kukko-768x1024.jpg 768w, https:\/\/ilonka.fi\/www\/wp-content\/uploads\/2026\/02\/Kyosti_kukko-225x300.jpg 225w, https:\/\/ilonka.fi\/www\/wp-content\/uploads\/2026\/02\/Kyosti_kukko-1152x1536.jpg 1152w, https:\/\/ilonka.fi\/www\/wp-content\/uploads\/2026\/02\/Kyosti_kukko-1536x2048.jpg 1536w, https:\/\/ilonka.fi\/www\/wp-content\/uploads\/2026\/02\/Kyosti_kukko-scaled.jpg 1920w\" sizes=\"auto, (max-width: 768px) 100vw, 768px\" \/><\/figure>\n<\/div>\n<\/div>\n<\/div>\n<\/div>\n\n\n\n<div class=\"wp-block-group alignfull has-accent-2-background-color has-background has-global-padding is-layout-constrained wp-container-core-group-is-layout-669513ed wp-block-group-is-layout-constrained\" style=\"margin-top:0;margin-bottom:0;padding-top:var(--wp--preset--spacing--50);padding-right:var(--wp--preset--spacing--50);padding-bottom:var(--wp--preset--spacing--50);padding-left:var(--wp--preset--spacing--50)\">\n<figure class=\"wp-block-image alignwide size-large is-style-rounded is-style-rounded--4\"><img loading=\"lazy\" decoding=\"async\" width=\"1024\" height=\"683\" src=\"https:\/\/ilonka.fi\/www\/wp-content\/uploads\/2026\/02\/DSC_3269-1024x683.jpeg\" alt=\"\" class=\"wp-image-424\" srcset=\"https:\/\/ilonka.fi\/www\/wp-content\/uploads\/2026\/02\/DSC_3269-1024x683.jpeg 1024w, https:\/\/ilonka.fi\/www\/wp-content\/uploads\/2026\/02\/DSC_3269-300x200.jpeg 300w, https:\/\/ilonka.fi\/www\/wp-content\/uploads\/2026\/02\/DSC_3269-768x512.jpeg 768w, https:\/\/ilonka.fi\/www\/wp-content\/uploads\/2026\/02\/DSC_3269-1536x1024.jpeg 1536w, https:\/\/ilonka.fi\/www\/wp-content\/uploads\/2026\/02\/DSC_3269.jpeg 1620w\" sizes=\"auto, (max-width: 1024px) 100vw, 1024px\" \/><\/figure>\n<\/div>\n\n\n\n<p><\/p>\n","protected":false},"excerpt":{"rendered":"<p>Ilonkan kes\u00e4leiri 7-12-vuotiaille Varaa paikkasi t\u00e4st\u00e4! Tervetuloa Ilonkan kes\u00e4leirille! Kyseess\u00e4 on vauhdikas maatilaseikkailu Ilonkan menoon ja eloon tutustuen. Leiri on p\u00e4iv\u00e4leiri, joka on tarkoitettu n. 7-12-vuotiaille. Leirip\u00e4iv\u00e4 alkaa p\u00e4ivitt\u00e4in klo 9.30 ja p\u00e4\u00e4ttyy klo 15. Kes\u00e4leirill\u00e4 tutustutaan uusiin kavereihin ja Ilonkan v\u00e4rikk\u00e4\u00e4seen el\u00e4m\u00e4\u00e4n. Ikimuistoisen kes\u00e4leirin takaa hauska ohjelmakokonaisuus. Leirill\u00e4 hoidetaan el\u00e4imi\u00e4 (koiria, lampaita, kanoja, ankkoja [&hellip;]<\/p>\n","protected":false},"author":1,"featured_media":0,"parent":0,"menu_order":0,"comment_status":"closed","ping_status":"closed","template":"","meta":{"_sitemap_exclude":false,"_sitemap_priority":"","_sitemap_frequency":"","footnotes":""},"class_list":["post-419","page","type-page","status-publish","hentry"],"_links":{"self":[{"href":"https:\/\/ilonka.fi\/www\/wp-json\/wp\/v2\/pages\/419","targetHints":{"allow":["GET"]}}],"collection":[{"href":"https:\/\/ilonka.fi\/www\/wp-json\/wp\/v2\/pages"}],"about":[{"href":"https:\/\/ilonka.fi\/www\/wp-json\/wp\/v2\/types\/page"}],"author":[{"embeddable":true,"href":"https:\/\/ilonka.fi\/www\/wp-json\/wp\/v2\/users\/1"}],"replies":[{"embeddable":true,"href":"https:\/\/ilonka.fi\/www\/wp-json\/wp\/v2\/comments?post=419"}],"version-history":[{"count":12,"href":"https:\/\/ilonka.fi\/www\/wp-json\/wp\/v2\/pages\/419\/revisions"}],"predecessor-version":[{"id":442,"href":"https:\/\/ilonka.fi\/www\/wp-json\/wp\/v2\/pages\/419\/revisions\/442"}],"wp:attachment":[{"href":"https:\/\/ilonka.fi\/www\/wp-json\/wp\/v2\/media?parent=419"}],"curies":[{"name":"wp","href":"https:\/\/api.w.org\/{rel}","templated":true}]}}