{"id":444,"date":"2026-03-13T16:32:58","date_gmt":"2026-03-13T14:32:58","guid":{"rendered":"https:\/\/ilonka.fi\/www\/?page_id=444"},"modified":"2026-03-13T16:32:59","modified_gmt":"2026-03-13T14:32:59","slug":"ilonkassa-virvotaan","status":"publish","type":"page","link":"https:\/\/ilonka.fi\/www\/ilonkassa-virvotaan\/","title":{"rendered":"Ilonkassa virvotaan!"},"content":{"rendered":"\n<div class=\"wp-block-group alignfull has-accent-background-color has-background has-global-padding is-layout-constrained wp-container-core-group-is-layout-669513ed wp-block-group-is-layout-constrained\" style=\"margin-top:0;margin-bottom:0;padding-top:var(--wp--preset--spacing--50);padding-right:var(--wp--preset--spacing--50);padding-bottom:var(--wp--preset--spacing--50);padding-left:var(--wp--preset--spacing--50)\">\n<div class=\"wp-block-columns alignwide is-layout-flex wp-container-core-columns-is-layout-1da03c2a wp-block-columns-is-layout-flex\">\n<div class=\"wp-block-column is-vertically-aligned-stretch is-layout-flow wp-block-column-is-layout-flow\" style=\"flex-basis:50%\">\n<div class=\"wp-block-group is-vertical is-content-justification-stretch is-layout-flex wp-container-core-group-is-layout-444d5ee8 wp-block-group-is-layout-flex\" style=\"min-height:100%\">\n<p class=\"has-heading-font-family has-x-large-font-size\" style=\"line-height:1.2\">Virvon varvon\u2026 vitsa mulle, palkka sulle<\/p>\n\n\n\n<p>Tervetuloa Ilonkan virpomistapahtumaan <strong>sunnuntaina 29.3. klo 12-14! <\/strong>Jokaiselle virpojalle palkaksi farmivierailu, miss\u00e4 p\u00e4\u00e4see mm. tapaamaan koiria, lampaita ja vuohia. Odotamme innolla n\u00e4kev\u00e4mme upeita virpomisoksia!<\/p>\n\n\n\n<p>Kotakahvila on auki tapahtuman ajan. P\u00e4\u00e4set herkuttelemaan Lillin kuuluisilla herkuilla kuten gluteeniton feta-nokkospiirakka ja isoisoisois\u00e4n sokerikakku.\u00a0Tulilla p\u00e4\u00e4see my\u00f6s paistamaan makkaraa.<\/p>\n\n\n\n<p>Kaikki alle 12-vuotiaat lapset osallistuvat tapahtumaan oman aikuisen valvonnassa. Tapahtumaan ei ole ennakkoilmoittautumista.<br><\/p>\n\n\n\n<p>Ilman virpomisoksaa farmivierailu 25\u20ac\/henkil\u00f6, 10\u20ac\/lapsi.<\/p>\n\n\n\n<p class=\"has-heading-font-family has-x-large-font-size\" style=\"line-height:1.2\">Tervetuloa!<\/p>\n\n\n\n<div class=\"wp-block-group has-global-padding is-content-justification-left is-layout-constrained wp-container-core-group-is-layout-9fe8ed88 wp-block-group-is-layout-constrained\">\n<p class=\"wp-container-content-0733e5d0\"><\/p>\n<\/div>\n<\/div>\n<\/div>\n\n\n\n<div class=\"wp-block-column is-vertically-aligned-center is-layout-flow wp-block-column-is-layout-flow\" style=\"flex-basis:50%\">\n<figure class=\"wp-block-image size-full is-resized is-style-rounded is-style-rounded--1\"><img loading=\"lazy\" decoding=\"async\" width=\"1530\" height=\"2048\" src=\"https:\/\/ilonka.fi\/www\/wp-content\/uploads\/2026\/03\/virpomisoksat.jpg\" alt=\"\" class=\"wp-image-446\" style=\"aspect-ratio:0.75;object-fit:cover;width:452px;height:auto\" srcset=\"https:\/\/ilonka.fi\/www\/wp-content\/uploads\/2026\/03\/virpomisoksat.jpg 1530w, https:\/\/ilonka.fi\/www\/wp-content\/uploads\/2026\/03\/virpomisoksat-224x300.jpg 224w, https:\/\/ilonka.fi\/www\/wp-content\/uploads\/2026\/03\/virpomisoksat-765x1024.jpg 765w, https:\/\/ilonka.fi\/www\/wp-content\/uploads\/2026\/03\/virpomisoksat-768x1028.jpg 768w, https:\/\/ilonka.fi\/www\/wp-content\/uploads\/2026\/03\/virpomisoksat-1148x1536.jpg 1148w\" sizes=\"auto, (max-width: 1530px) 100vw, 1530px\" \/><\/figure>\n<\/div>\n<\/div>\n<\/div>\n","protected":false},"excerpt":{"rendered":"<p>Virvon varvon\u2026 vitsa mulle, palkka sulle Tervetuloa Ilonkan virpomistapahtumaan sunnuntaina 29.3. klo 12-14! Jokaiselle virpojalle palkaksi farmivierailu, miss\u00e4 p\u00e4\u00e4see mm. tapaamaan koiria, lampaita ja vuohia. Odotamme innolla n\u00e4kev\u00e4mme upeita virpomisoksia! Kotakahvila on auki tapahtuman ajan. P\u00e4\u00e4set herkuttelemaan Lillin kuuluisilla herkuilla kuten gluteeniton feta-nokkospiirakka ja isoisoisois\u00e4n sokerikakku.\u00a0Tulilla p\u00e4\u00e4see my\u00f6s paistamaan makkaraa. Kaikki alle 12-vuotiaat lapset osallistuvat [&hellip;]<\/p>\n","protected":false},"author":3,"featured_media":0,"parent":0,"menu_order":0,"comment_status":"closed","ping_status":"closed","template":"","meta":{"_sitemap_exclude":false,"_sitemap_priority":"","_sitemap_frequency":"","footnotes":""},"class_list":["post-444","page","type-page","status-publish","hentry"],"_links":{"self":[{"href":"https:\/\/ilonka.fi\/www\/wp-json\/wp\/v2\/pages\/444","targetHints":{"allow":["GET"]}}],"collection":[{"href":"https:\/\/ilonka.fi\/www\/wp-json\/wp\/v2\/pages"}],"about":[{"href":"https:\/\/ilonka.fi\/www\/wp-json\/wp\/v2\/types\/page"}],"author":[{"embeddable":true,"href":"https:\/\/ilonka.fi\/www\/wp-json\/wp\/v2\/users\/3"}],"replies":[{"embeddable":true,"href":"https:\/\/ilonka.fi\/www\/wp-json\/wp\/v2\/comments?post=444"}],"version-history":[{"count":1,"href":"https:\/\/ilonka.fi\/www\/wp-json\/wp\/v2\/pages\/444\/revisions"}],"predecessor-version":[{"id":447,"href":"https:\/\/ilonka.fi\/www\/wp-json\/wp\/v2\/pages\/444\/revisions\/447"}],"wp:attachment":[{"href":"https:\/\/ilonka.fi\/www\/wp-json\/wp\/v2\/media?parent=444"}],"curies":[{"name":"wp","href":"https:\/\/api.w.org\/{rel}","templated":true}]}}